{"id":9874,"date":"2025-05-23T17:31:37","date_gmt":"2025-05-23T15:31:37","guid":{"rendered":"https:\/\/fillikid.at\/?post_type=product&#038;p=9874"},"modified":"2025-05-23T17:37:05","modified_gmt":"2025-05-23T15:37:05","slug":"sechseck-laufgitter","status":"publish","type":"product","link":"https:\/\/fillikid.at\/en\/product\/sechseck-laufgitter\/","title":{"rendered":"Sechseck Laufgitter"},"content":{"rendered":"<p>[et_pb_section fb_built=&#8220;1&#8243; _builder_version=&#8220;4.16&#8243; custom_padding=&#8220;0px||122px||false|false&#8220; global_module=&#8220;5333&#8243; global_colors_info=&#8220;{}&#8220;][et_pb_row _builder_version=&#8220;4.16&#8243; background_size=&#8220;initial&#8220; background_position=&#8220;top_left&#8220; background_repeat=&#8220;repeat&#8220; width=&#8220;100%&#8220; custom_padding=&#8220;0px||0px||false|false&#8220; global_colors_info=&#8220;{}&#8220;][et_pb_column type=&#8220;4_4&#8243; _builder_version=&#8220;4.16&#8243; custom_padding=&#8220;|||&#8220; global_colors_info=&#8220;{}&#8220; custom_padding__hover=&#8220;|||&#8220;][et_pb_wc_breadcrumb _builder_version=&#8220;4.16&#8243; global_colors_info=&#8220;{}&#8220;][\/et_pb_wc_breadcrumb][\/et_pb_column][\/et_pb_row][et_pb_row column_structure=&#8220;1_2,1_2&#8243; _builder_version=&#8220;4.16&#8243; background_size=&#8220;initial&#8220; background_position=&#8220;top_left&#8220; background_repeat=&#8220;repeat&#8220; width=&#8220;100%&#8220; custom_padding=&#8220;0px||||false|false&#8220; global_colors_info=&#8220;{}&#8220;][et_pb_column type=&#8220;1_2&#8243; _builder_version=&#8220;4.16&#8243; custom_padding=&#8220;|||&#8220; global_colors_info=&#8220;{}&#8220; custom_padding__hover=&#8220;|||&#8220;][et_pb_wc_images show_sale_badge=&#8220;off&#8220; _builder_version=&#8220;4.17.6&#8243; _module_preset=&#8220;default&#8220; transform_scale=&#8220;130%|130%&#8220; transform_scale_tablet=&#8220;110%|110%&#8220; transform_scale_phone=&#8220;80%|80%&#8220; transform_scale_last_edited=&#8220;on|tablet&#8220; transform_translate_tablet=&#8220;130px|0px&#8220; transform_translate_phone=&#8220;0px|0px&#8220; transform_translate_last_edited=&#8220;on|phone&#8220; transform_translate_linked_tablet=&#8220;off&#8220; transform_rotate_tablet=&#8220;&#8220; transform_rotate_phone=&#8220;&#8220; transform_rotate_last_edited=&#8220;on|tablet&#8220; transform_skew_tablet=&#8220;&#8220; transform_skew_phone=&#8220;&#8220; transform_skew_last_edited=&#8220;on|tablet&#8220; transform_origin_tablet=&#8220;&#8220; transform_origin_phone=&#8220;&#8220; transform_origin_last_edited=&#8220;on|tablet&#8220; transform_styles_last_edited=&#8220;on|phone&#8220; custom_margin=&#8220;64px|-120px|0px|110px|false|false&#8220; custom_margin_tablet=&#8220;90px|0px|0px|0px|false|false&#8220; custom_margin_phone=&#8220;0px||||false|false&#8220; custom_margin_last_edited=&#8220;on|tablet&#8220; custom_padding=&#8220;|0px||0px|false|false&#8220; transform_styles_tablet=&#8220;&#8220; transform_styles_phone=&#8220;&#8220; global_colors_info=&#8220;{}&#8220;][\/et_pb_wc_images][\/et_pb_column][et_pb_column type=&#8220;1_2&#8243; _builder_version=&#8220;4.16&#8243; custom_padding=&#8220;|||&#8220; global_colors_info=&#8220;{}&#8220; custom_padding__hover=&#8220;|||&#8220;][et_pb_wc_title _builder_version=&#8220;4.17.4&#8243; header_font=&#8220;brandon_neu||||||||&#8220; header_text_align=&#8220;left&#8220; module_alignment=&#8220;left&#8220; global_colors_info=&#8220;{}&#8220;][\/et_pb_wc_title][et_pb_wc_description _builder_version=&#8220;4.17.4&#8243; global_colors_info=&#8220;{}&#8220; custom_css_after__hover_enabled=&#8220;on|hover&#8220; custom_css_after__hover=&#8220;    opacity: 0;||    font-size: 21px;||    margin-top: 25px;||    text-align: center;||||    -webkit-transition: opacity 2s ease-in;||       -moz-transition: opacity 2s ease-in;||&#8220;][\/et_pb_wc_description][et_pb_button button_url=&#8220;<a href=\"https:\/\/fillikid.at\/haendlersuche\/&#038;#8220\">https:\/\/fillikid.at\/haendlersuche\/&#038;#8220<\/a>; button_text=&#8220;H\u00e4ndler finden&#8220; _builder_version=&#8220;4.17.4&#8243; _module_preset=&#8220;default&#8220; custom_button=&#8220;on&#8220; button_text_color=&#8220;#FFFFFF&#8220; button_bg_color=&#8220;#a5d7d5&#8243; button_border_color=&#8220;#a5d7d5&#8243; custom_margin=&#8220;-25px||||false|false&#8220; global_colors_info=&#8220;{}&#8220;][\/et_pb_button][et_pb_wc_add_to_cart show_quantity=&#8220;off&#8220; show_stock=&#8220;off&#8220; field_label_position=&#8220;stacked&#8220; admin_label=&#8220;Woo Product Add To Cart&#8220; _builder_version=&#8220;4.17.6&#8243; _module_preset=&#8220;default&#8220; fields_text_color=&#8220;#FFFFFF&#8220; dropdown_menus_background_color=&#8220;#FFFFFF&#8220; dropdown_menus_text_color=&#8220;#000000&#8243; dropdown_menus_focus_text_color=&#8220;#000000&#8243; dropdown_menus_custom_margin=&#8220;14px||||false|false&#8220; field_label_font=&#8220;brandon_neu|700|||||||&#8220; field_label_text_align=&#8220;left&#8220; field_label_font_size=&#8220;16px&#8220; field_label_line_height=&#8220;1em&#8220; fields_text_align=&#8220;center&#8220; dropdown_menus_font=&#8220;||||||||&#8220; dropdown_menus_font_size=&#8220;15px&#8220; custom_button=&#8220;on&#8220; button_text_size=&#8220;0px&#8220; button_text_color=&#8220;RGBA(255,255,255,0)&#8220; button_bg_color=&#8220;RGBA(255,255,255,0)&#8220; button_border_width=&#8220;0px&#8220; button_border_radius=&#8220;0px&#8220; button_use_icon=&#8220;off&#8220; button_custom_margin=&#8220;-22px||||false|false&#8220; transform_scale=&#8220;130%|130%&#8220; module_alignment=&#8220;left&#8220; custom_margin=&#8220;|||57px|false|false&#8220; global_colors_info=&#8220;{}&#8220;][\/et_pb_wc_add_to_cart][et_pb_wc_meta _builder_version=&#8220;4.17.0&#8243; global_colors_info=&#8220;{}&#8220;][\/et_pb_wc_meta][\/et_pb_column][\/et_pb_row][et_pb_row _builder_version=&#8220;4.17.6&#8243; _module_preset=&#8220;default&#8220; global_colors_info=&#8220;{}&#8220;][et_pb_column type=&#8220;4_4&#8243; _builder_version=&#8220;4.17.0&#8243; _module_preset=&#8220;default&#8220; global_colors_info=&#8220;{}&#8220;][et_pb_wc_related_products posts_number=&#8220;4&#8243; columns_number=&#8220;4&#8243; include_categories=&#8220;2787&#8243; icon_hover_color=&#8220;RGBA(255,255,255,0)&#8220; hover_overlay_color=&#8220;RGBA(255,255,255,0)&#8220; show_price=&#8220;off&#8220; show_rating=&#8220;off&#8220; show_sale_badge=&#8220;off&#8220; _builder_version=&#8220;4.17.6&#8243; _module_preset=&#8220;default&#8220; product_title_font=&#8220;brandon_neu||||||||&#8220; product_title_font_size=&#8220;25px&#8220; transform_scale_tablet=&#8220;&#8220; transform_scale_phone=&#8220;&#8220; transform_scale_last_edited=&#8220;on|phone&#8220; transform_translate_tablet=&#8220;&#8220; transform_translate_phone=&#8220;&#8220; transform_translate_last_edited=&#8220;on|phone&#8220; transform_rotate_tablet=&#8220;&#8220; transform_rotate_phone=&#8220;&#8220; transform_rotate_last_edited=&#8220;on|phone&#8220; transform_skew_tablet=&#8220;&#8220; transform_skew_phone=&#8220;&#8220; transform_skew_last_edited=&#8220;on|phone&#8220; transform_origin_tablet=&#8220;&#8220; transform_origin_phone=&#8220;&#8220; transform_origin_last_edited=&#8220;on|phone&#8220; transform_styles_last_edited=&#8220;on|phone&#8220; text_orientation=&#8220;center&#8220; product_title_font_size_tablet=&#8220;&#8220; product_title_font_size_phone=&#8220;20px&#8220; product_title_font_size_last_edited=&#8220;on|phone&#8220; transform_styles_tablet=&#8220;&#8220; transform_styles_phone=&#8220;&#8220; module_alignment_phone=&#8220;center&#8220; module_alignment_last_edited=&#8220;off|phone&#8220; global_colors_info=&#8220;{}&#8220; title_font_size__hover_enabled=&#8220;on|hover&#8220; title_font_size__hover=&#8220;29px&#8220; product_title_font_size__hover_enabled=&#8220;on|hover&#8220; product_title_font_size__hover=&#8220;29px&#8220;][\/et_pb_wc_related_products][\/et_pb_column][\/et_pb_row][\/et_pb_section]<\/p>\n","protected":false},"excerpt":{"rendered":"<p><u>Produkteigenschaften:<\/u><\/p>\n<ul>\n<li>Zusammengelegt und ge\u00f6ffnet in zwei Handgriffen<\/li>\n<li>Praktischer Rei\u00dfverschluss f\u00fcr den Einstieg<\/li>\n<li>Gepolsterte Bodenfl\u00e4che<\/li>\n<li>Mit Tragetasche<\/li>\n<li>Seitenw\u00e4nde aus Netzstoff<\/li>\n<\/ul>\n<p><u>Technische Daten:<\/u><\/p>\n<ul>\n<li>Outer diameter: 134cm<\/li>\n<li>Inner diameter: 120cm<\/li>\n<li>H\u00f6he:75 cm<\/li>\n<li>Gewicht 4,6 KG<br \/>\nVerpackungsma\u00df mit Tragetasche: 75xcmx22 cm<\/li>\n<\/ul>\n<div class='et-learn-more clearfix'>\n\t\t\t\t\t<h3 class='heading-more'>Learn more<span class='et_learnmore_arrow'><span><\/span><\/span><\/h3>\n\t\t\t\t\t<div class='learn-more-content'><p>In den eigenen vier W\u00e4nden oder auch auf Reisen findet man h\u00e4ufig Gefahrenquellen, die f\u00fcr aktive Babys sp\u00e4testens, wenn Sie krabbeln oder laufen k\u00f6nnen ein Risiko darstellen. Das Laufgitter Athen von Fillikid schafft dabei einen sicheren und abgegrenzten Raum und eine f\u00fcr die Eltern entspannte Spiel \u2013 und Krabbelumgebung. Der gepolsterte Boden sch\u00fctzt dabei vor kalten B\u00f6den. Der gro\u00dfe Vorteil Laufgitters ist, dass es sich mit zwei Handgriffen zusammenlegen und wieder aufstellen l\u00e4sst. Es eignet sich dadurch auch perfekt um es zu den Gro\u00dfeltern, Bekannten oder auf Urlaub mitzunehmen. Auch in der eigenen Wohnung l\u00e4sst es sich dadurch schnell verstauen, und dabei genau so einfach wieder aufstellen. Mit der im Lieferumfang enthaltenen Transporttasche kannst Du es bequem einpacken und \u00fcberall hin mitnehmen, so dass Dein Baby immer sicher darin spielen kann. Durch die Seitenw\u00e4nde aus Netzstoff hast du deinen kleinen Racker perfekt im Auge und die Luft kann im Laufstall bestm\u00f6glich zirkulieren. An der Seite befindet sich eine \u00d6ffnung mit Rei\u00dfverschluss, damit dein Kind unter Aufsicht selbstst\u00e4ndig rein und rausklettern kann. Dabei kannst du den Stoff vom Eingang praktisch nach oben aufrollen und befestigen.<\/p><\/div>\n\t\t\t\t<\/div>","protected":false},"featured_media":9877,"template":"","meta":{"_et_pb_use_builder":"on","_et_pb_old_content":"","_et_gb_content_width":"","jetpack_publicize_message":"","jetpack_publicize_feature_enabled":true,"jetpack_social_post_already_shared":true,"jetpack_social_options":{"image_generator_settings":{"template":"highway","default_image_id":0,"font":"","enabled":false},"version":2}},"product_brand":[],"product_cat":[2976,2740],"product_tag":[],"class_list":{"0":"post-9874","1":"product","2":"type-product","3":"status-publish","4":"has-post-thumbnail","6":"product_cat-beistellbett_reisebetten","7":"product_cat-zuhause","9":"first","10":"instock","11":"virtual","12":"purchasable","13":"product-type-simple"},"yoast_head":"<!-- This site is optimized with the Yoast SEO plugin v27.6 - https:\/\/yoast.com\/product\/yoast-seo-wordpress\/ -->\n<title>Sechseck Laufgitter - Fillikid<\/title>\n<meta name=\"robots\" content=\"index, follow, max-snippet:-1, max-image-preview:large, max-video-preview:-1\" \/>\n<link rel=\"canonical\" href=\"https:\/\/fillikid.at\/en\/product\/sechseck-laufgitter\/\" \/>\n<meta property=\"og:locale\" content=\"en_GB\" \/>\n<meta property=\"og:type\" content=\"article\" \/>\n<meta property=\"og:title\" content=\"Sechseck Laufgitter - Fillikid\" \/>\n<meta property=\"og:description\" content=\"Produkteigenschaften:   Zusammengelegt und ge\u00f6ffnet in zwei Handgriffen  Praktischer Rei\u00dfverschluss f\u00fcr den Einstieg  Gepolsterte Bodenfl\u00e4che  Mit Tragetasche  Seitenw\u00e4nde aus Netzstoff  Technische Daten:   Durchmesser au\u00dfen: 134cm  Durchmesser innen: 120 cm  H\u00f6he:75 cm  Gewicht 4,6 KG Verpackungsma\u00df mit Tragetasche: 75xcmx22 cm\" \/>\n<meta property=\"og:url\" content=\"https:\/\/fillikid.at\/en\/product\/sechseck-laufgitter\/\" \/>\n<meta property=\"og:site_name\" content=\"Fillikid\" \/>\n<meta property=\"article:modified_time\" content=\"2025-05-23T15:37:05+00:00\" \/>\n<meta property=\"og:image\" content=\"https:\/\/fillikid.at\/wp-content\/uploads\/2025\/05\/BS-04-Laufstall-6-Eck-D0-400x267.jpg\" \/>\n\t<meta property=\"og:image:width\" content=\"400\" \/>\n\t<meta property=\"og:image:height\" content=\"267\" \/>\n\t<meta property=\"og:image:type\" content=\"image\/jpeg\" \/>\n<meta name=\"twitter:card\" content=\"summary_large_image\" \/>\n<meta name=\"twitter:label1\" content=\"Estimated reading time\" \/>\n\t<meta name=\"twitter:data1\" content=\"9 minutes\" \/>\n<script type=\"application\/ld+json\" class=\"yoast-schema-graph\">{\"@context\":\"https:\\\/\\\/schema.org\",\"@graph\":[{\"@type\":\"WebPage\",\"@id\":\"https:\\\/\\\/fillikid.at\\\/produkt\\\/sechseck-laufgitter\\\/\",\"url\":\"https:\\\/\\\/fillikid.at\\\/produkt\\\/sechseck-laufgitter\\\/\",\"name\":\"Sechseck Laufgitter - Fillikid\",\"isPartOf\":{\"@id\":\"https:\\\/\\\/fillikid.at\\\/#website\"},\"primaryImageOfPage\":{\"@id\":\"https:\\\/\\\/fillikid.at\\\/produkt\\\/sechseck-laufgitter\\\/#primaryimage\"},\"image\":{\"@id\":\"https:\\\/\\\/fillikid.at\\\/produkt\\\/sechseck-laufgitter\\\/#primaryimage\"},\"thumbnailUrl\":\"https:\\\/\\\/i0.wp.com\\\/fillikid.at\\\/wp-content\\\/uploads\\\/2025\\\/05\\\/BS-04-Laufstall-6-Eck-D0.jpg?fit=3543%2C2362&ssl=1\",\"datePublished\":\"2025-05-23T15:31:37+00:00\",\"dateModified\":\"2025-05-23T15:37:05+00:00\",\"breadcrumb\":{\"@id\":\"https:\\\/\\\/fillikid.at\\\/produkt\\\/sechseck-laufgitter\\\/#breadcrumb\"},\"inLanguage\":\"en-GB\",\"potentialAction\":[{\"@type\":\"ReadAction\",\"target\":[\"https:\\\/\\\/fillikid.at\\\/produkt\\\/sechseck-laufgitter\\\/\"]}]},{\"@type\":\"ImageObject\",\"inLanguage\":\"en-GB\",\"@id\":\"https:\\\/\\\/fillikid.at\\\/produkt\\\/sechseck-laufgitter\\\/#primaryimage\",\"url\":\"https:\\\/\\\/i0.wp.com\\\/fillikid.at\\\/wp-content\\\/uploads\\\/2025\\\/05\\\/BS-04-Laufstall-6-Eck-D0.jpg?fit=3543%2C2362&ssl=1\",\"contentUrl\":\"https:\\\/\\\/i0.wp.com\\\/fillikid.at\\\/wp-content\\\/uploads\\\/2025\\\/05\\\/BS-04-Laufstall-6-Eck-D0.jpg?fit=3543%2C2362&ssl=1\",\"width\":3543,\"height\":2362},{\"@type\":\"BreadcrumbList\",\"@id\":\"https:\\\/\\\/fillikid.at\\\/produkt\\\/sechseck-laufgitter\\\/#breadcrumb\",\"itemListElement\":[{\"@type\":\"ListItem\",\"position\":1,\"name\":\"Startseite\",\"item\":\"https:\\\/\\\/fillikid.at\\\/\"},{\"@type\":\"ListItem\",\"position\":2,\"name\":\"Produkte\",\"item\":\"https:\\\/\\\/fillikid.at\\\/produkte\\\/\"},{\"@type\":\"ListItem\",\"position\":3,\"name\":\"Sechseck Laufgitter\"}]},{\"@type\":\"WebSite\",\"@id\":\"https:\\\/\\\/fillikid.at\\\/#website\",\"url\":\"https:\\\/\\\/fillikid.at\\\/\",\"name\":\"Fillikid\",\"description\":\"for little heroes\",\"publisher\":{\"@id\":\"https:\\\/\\\/fillikid.at\\\/#organization\"},\"potentialAction\":[{\"@type\":\"SearchAction\",\"target\":{\"@type\":\"EntryPoint\",\"urlTemplate\":\"https:\\\/\\\/fillikid.at\\\/?s={search_term_string}\"},\"query-input\":{\"@type\":\"PropertyValueSpecification\",\"valueRequired\":true,\"valueName\":\"search_term_string\"}}],\"inLanguage\":\"en-GB\"},{\"@type\":\"Organization\",\"@id\":\"https:\\\/\\\/fillikid.at\\\/#organization\",\"name\":\"Fillikid GmbH\",\"url\":\"https:\\\/\\\/fillikid.at\\\/\",\"logo\":{\"@type\":\"ImageObject\",\"inLanguage\":\"en-GB\",\"@id\":\"https:\\\/\\\/fillikid.at\\\/#\\\/schema\\\/logo\\\/image\\\/\",\"url\":\"https:\\\/\\\/i0.wp.com\\\/fillikid.at\\\/wp-content\\\/uploads\\\/2022\\\/04\\\/fillikid-domain-color-3748366538-1650364891531-1.png?fit=1280%2C442&ssl=1\",\"contentUrl\":\"https:\\\/\\\/i0.wp.com\\\/fillikid.at\\\/wp-content\\\/uploads\\\/2022\\\/04\\\/fillikid-domain-color-3748366538-1650364891531-1.png?fit=1280%2C442&ssl=1\",\"width\":1280,\"height\":442,\"caption\":\"Fillikid GmbH\"},\"image\":{\"@id\":\"https:\\\/\\\/fillikid.at\\\/#\\\/schema\\\/logo\\\/image\\\/\"}}]}<\/script>\n<!-- \/ Yoast SEO plugin. -->","yoast_head_json":{"title":"Sechseck Laufgitter - Fillikid","robots":{"index":"index","follow":"follow","max-snippet":"max-snippet:-1","max-image-preview":"max-image-preview:large","max-video-preview":"max-video-preview:-1"},"canonical":"https:\/\/fillikid.at\/en\/product\/sechseck-laufgitter\/","og_locale":"en_GB","og_type":"article","og_title":"Sechseck Laufgitter - Fillikid","og_description":"Produkteigenschaften:   Zusammengelegt und ge\u00f6ffnet in zwei Handgriffen  Praktischer Rei\u00dfverschluss f\u00fcr den Einstieg  Gepolsterte Bodenfl\u00e4che  Mit Tragetasche  Seitenw\u00e4nde aus Netzstoff  Technische Daten:   Durchmesser au\u00dfen: 134cm  Durchmesser innen: 120 cm  H\u00f6he:75 cm  Gewicht 4,6 KG Verpackungsma\u00df mit Tragetasche: 75xcmx22 cm","og_url":"https:\/\/fillikid.at\/en\/product\/sechseck-laufgitter\/","og_site_name":"Fillikid","article_modified_time":"2025-05-23T15:37:05+00:00","og_image":[{"width":400,"height":267,"url":"https:\/\/fillikid.at\/wp-content\/uploads\/2025\/05\/BS-04-Laufstall-6-Eck-D0-400x267.jpg","type":"image\/jpeg"}],"twitter_card":"summary_large_image","twitter_misc":{"Estimated reading time":"9 minutes"},"schema":{"@context":"https:\/\/schema.org","@graph":[{"@type":"WebPage","@id":"https:\/\/fillikid.at\/produkt\/sechseck-laufgitter\/","url":"https:\/\/fillikid.at\/produkt\/sechseck-laufgitter\/","name":"Sechseck Laufgitter - Fillikid","isPartOf":{"@id":"https:\/\/fillikid.at\/#website"},"primaryImageOfPage":{"@id":"https:\/\/fillikid.at\/produkt\/sechseck-laufgitter\/#primaryimage"},"image":{"@id":"https:\/\/fillikid.at\/produkt\/sechseck-laufgitter\/#primaryimage"},"thumbnailUrl":"https:\/\/i0.wp.com\/fillikid.at\/wp-content\/uploads\/2025\/05\/BS-04-Laufstall-6-Eck-D0.jpg?fit=3543%2C2362&ssl=1","datePublished":"2025-05-23T15:31:37+00:00","dateModified":"2025-05-23T15:37:05+00:00","breadcrumb":{"@id":"https:\/\/fillikid.at\/produkt\/sechseck-laufgitter\/#breadcrumb"},"inLanguage":"en-GB","potentialAction":[{"@type":"ReadAction","target":["https:\/\/fillikid.at\/produkt\/sechseck-laufgitter\/"]}]},{"@type":"ImageObject","inLanguage":"en-GB","@id":"https:\/\/fillikid.at\/produkt\/sechseck-laufgitter\/#primaryimage","url":"https:\/\/i0.wp.com\/fillikid.at\/wp-content\/uploads\/2025\/05\/BS-04-Laufstall-6-Eck-D0.jpg?fit=3543%2C2362&ssl=1","contentUrl":"https:\/\/i0.wp.com\/fillikid.at\/wp-content\/uploads\/2025\/05\/BS-04-Laufstall-6-Eck-D0.jpg?fit=3543%2C2362&ssl=1","width":3543,"height":2362},{"@type":"BreadcrumbList","@id":"https:\/\/fillikid.at\/produkt\/sechseck-laufgitter\/#breadcrumb","itemListElement":[{"@type":"ListItem","position":1,"name":"Startseite","item":"https:\/\/fillikid.at\/"},{"@type":"ListItem","position":2,"name":"Produkte","item":"https:\/\/fillikid.at\/produkte\/"},{"@type":"ListItem","position":3,"name":"Sechseck Laufgitter"}]},{"@type":"WebSite","@id":"https:\/\/fillikid.at\/#website","url":"https:\/\/fillikid.at\/","name":"Fillikid","description":"for little heroes","publisher":{"@id":"https:\/\/fillikid.at\/#organization"},"potentialAction":[{"@type":"SearchAction","target":{"@type":"EntryPoint","urlTemplate":"https:\/\/fillikid.at\/?s={search_term_string}"},"query-input":{"@type":"PropertyValueSpecification","valueRequired":true,"valueName":"search_term_string"}}],"inLanguage":"en-GB"},{"@type":"Organization","@id":"https:\/\/fillikid.at\/#organization","name":"Fillikid GmbH","url":"https:\/\/fillikid.at\/","logo":{"@type":"ImageObject","inLanguage":"en-GB","@id":"https:\/\/fillikid.at\/#\/schema\/logo\/image\/","url":"https:\/\/i0.wp.com\/fillikid.at\/wp-content\/uploads\/2022\/04\/fillikid-domain-color-3748366538-1650364891531-1.png?fit=1280%2C442&ssl=1","contentUrl":"https:\/\/i0.wp.com\/fillikid.at\/wp-content\/uploads\/2022\/04\/fillikid-domain-color-3748366538-1650364891531-1.png?fit=1280%2C442&ssl=1","width":1280,"height":442,"caption":"Fillikid GmbH"},"image":{"@id":"https:\/\/fillikid.at\/#\/schema\/logo\/image\/"}}]}},"jetpack_publicize_connections":[],"jetpack_likes_enabled":false,"jetpack_sharing_enabled":false,"_links":{"self":[{"href":"https:\/\/fillikid.at\/en\/wp-json\/wp\/v2\/product\/9874","targetHints":{"allow":["GET"]}}],"collection":[{"href":"https:\/\/fillikid.at\/en\/wp-json\/wp\/v2\/product"}],"about":[{"href":"https:\/\/fillikid.at\/en\/wp-json\/wp\/v2\/types\/product"}],"wp:featuredmedia":[{"embeddable":true,"href":"https:\/\/fillikid.at\/en\/wp-json\/wp\/v2\/media\/9877"}],"wp:attachment":[{"href":"https:\/\/fillikid.at\/en\/wp-json\/wp\/v2\/media?parent=9874"}],"wp:term":[{"taxonomy":"product_brand","embeddable":true,"href":"https:\/\/fillikid.at\/en\/wp-json\/wp\/v2\/product_brand?post=9874"},{"taxonomy":"product_cat","embeddable":true,"href":"https:\/\/fillikid.at\/en\/wp-json\/wp\/v2\/product_cat?post=9874"},{"taxonomy":"product_tag","embeddable":true,"href":"https:\/\/fillikid.at\/en\/wp-json\/wp\/v2\/product_tag?post=9874"}],"curies":[{"name":"wp","href":"https:\/\/api.w.org\/{rel}","templated":true}]}}