{"id":7967,"date":"2025-03-26T11:27:01","date_gmt":"2025-03-26T10:27:01","guid":{"rendered":"https:\/\/fillikid.at\/?post_type=product&#038;p=7967"},"modified":"2025-03-26T11:38:52","modified_gmt":"2025-03-26T10:38:52","slug":"tragetuch-sophie","status":"publish","type":"product","link":"https:\/\/fillikid.at\/en\/product\/tragetuch-sophie\/","title":{"rendered":"Tragetuch Sophie"},"content":{"rendered":"<p>[et_pb_section fb_built=&#8220;1&#8243; _builder_version=&#8220;4.16&#8243; custom_padding=&#8220;0px||122px||false|false&#8220; global_module=&#8220;5276&#8243; saved_tabs=&#8220;all&#8220; global_colors_info=&#8220;{}&#8220;][et_pb_row _builder_version=&#8220;4.16&#8243; background_size=&#8220;initial&#8220; background_position=&#8220;top_left&#8220; background_repeat=&#8220;repeat&#8220; width=&#8220;100%&#8220; custom_padding=&#8220;0px||0px||false|false&#8220; global_colors_info=&#8220;{}&#8220;][et_pb_column type=&#8220;4_4&#8243; _builder_version=&#8220;4.16&#8243; custom_padding=&#8220;|||&#8220; global_colors_info=&#8220;{}&#8220; custom_padding__hover=&#8220;|||&#8220;][et_pb_wc_breadcrumb _builder_version=&#8220;4.16&#8243; global_colors_info=&#8220;{}&#8220;][\/et_pb_wc_breadcrumb][\/et_pb_column][\/et_pb_row][et_pb_row column_structure=&#8220;1_2,1_2&#8243; _builder_version=&#8220;4.16&#8243; background_size=&#8220;initial&#8220; background_position=&#8220;top_left&#8220; background_repeat=&#8220;repeat&#8220; width=&#8220;100%&#8220; custom_padding=&#8220;0px||||false|false&#8220; global_colors_info=&#8220;{}&#8220;][et_pb_column type=&#8220;1_2&#8243; _builder_version=&#8220;4.16&#8243; custom_padding=&#8220;|||&#8220; global_colors_info=&#8220;{}&#8220; custom_padding__hover=&#8220;|||&#8220;][et_pb_wc_images show_sale_badge=&#8220;off&#8220; _builder_version=&#8220;4.17.6&#8243; _module_preset=&#8220;default&#8220; transform_scale=&#8220;130%|130%&#8220; transform_scale_tablet=&#8220;110%|110%&#8220; transform_scale_phone=&#8220;80%|80%&#8220; transform_scale_last_edited=&#8220;on|tablet&#8220; transform_translate_tablet=&#8220;130px|0px&#8220; transform_translate_phone=&#8220;0px|0px&#8220; transform_translate_last_edited=&#8220;on|phone&#8220; transform_translate_linked_tablet=&#8220;off&#8220; transform_rotate_tablet=&#8220;&#8220; transform_rotate_phone=&#8220;&#8220; transform_rotate_last_edited=&#8220;on|tablet&#8220; transform_skew_tablet=&#8220;&#8220; transform_skew_phone=&#8220;&#8220; transform_skew_last_edited=&#8220;on|tablet&#8220; transform_origin_tablet=&#8220;&#8220; transform_origin_phone=&#8220;&#8220; transform_origin_last_edited=&#8220;on|tablet&#8220; transform_styles_last_edited=&#8220;on|phone&#8220; custom_margin=&#8220;64px|-120px|0px|110px|false|false&#8220; custom_margin_tablet=&#8220;90px|0px|0px|0px|false|false&#8220; custom_margin_phone=&#8220;0px||||false|false&#8220; custom_margin_last_edited=&#8220;on|tablet&#8220; custom_padding=&#8220;|0px||0px|false|false&#8220; transform_styles_tablet=&#8220;&#8220; transform_styles_phone=&#8220;&#8220; global_colors_info=&#8220;{}&#8220;][\/et_pb_wc_images][\/et_pb_column][et_pb_column type=&#8220;1_2&#8243; _builder_version=&#8220;4.16&#8243; custom_padding=&#8220;|||&#8220; global_colors_info=&#8220;{}&#8220; custom_padding__hover=&#8220;|||&#8220;][et_pb_wc_title _builder_version=&#8220;4.17.4&#8243; header_font=&#8220;brandon_neu||||||||&#8220; header_text_align=&#8220;left&#8220; module_alignment=&#8220;left&#8220; global_colors_info=&#8220;{}&#8220;][\/et_pb_wc_title][et_pb_wc_description _builder_version=&#8220;4.17.4&#8243; global_colors_info=&#8220;{}&#8220; custom_css_after__hover_enabled=&#8220;on|hover&#8220; custom_css_after__hover=&#8220;    opacity: 0;||    font-size: 21px;||    margin-top: 25px;||    text-align: center;||||    -webkit-transition: opacity 2s ease-in;||       -moz-transition: opacity 2s ease-in;||&#8220;][\/et_pb_wc_description][et_pb_button button_url=&#8220;<a href=\"https:\/\/fillikid.at\/haendlersuche\/&#038;#8220\">https:\/\/fillikid.at\/haendlersuche\/&#038;#8220<\/a>; button_text=&#8220;H\u00e4ndler finden&#8220; _builder_version=&#8220;4.17.4&#8243; _module_preset=&#8220;default&#8220; custom_button=&#8220;on&#8220; button_text_color=&#8220;#FFFFFF&#8220; button_bg_color=&#8220;#a5d7d5&#8243; button_border_color=&#8220;#a5d7d5&#8243; custom_margin=&#8220;-25px||||false|false&#8220; global_colors_info=&#8220;{}&#8220;][\/et_pb_button][et_pb_wc_add_to_cart show_quantity=&#8220;off&#8220; show_stock=&#8220;off&#8220; field_label_position=&#8220;stacked&#8220; admin_label=&#8220;Woo Product Add To Cart&#8220; _builder_version=&#8220;4.17.6&#8243; _module_preset=&#8220;default&#8220; fields_text_color=&#8220;#FFFFFF&#8220; dropdown_menus_background_color=&#8220;#FFFFFF&#8220; dropdown_menus_text_color=&#8220;#000000&#8243; dropdown_menus_focus_text_color=&#8220;#000000&#8243; dropdown_menus_custom_margin=&#8220;14px||||false|false&#8220; field_label_font=&#8220;brandon_neu|700|||||||&#8220; field_label_text_align=&#8220;left&#8220; field_label_font_size=&#8220;16px&#8220; field_label_line_height=&#8220;1em&#8220; fields_text_align=&#8220;center&#8220; dropdown_menus_font=&#8220;||||||||&#8220; dropdown_menus_font_size=&#8220;15px&#8220; custom_button=&#8220;on&#8220; button_text_size=&#8220;0px&#8220; button_text_color=&#8220;RGBA(255,255,255,0)&#8220; button_bg_color=&#8220;RGBA(255,255,255,0)&#8220; button_border_width=&#8220;0px&#8220; button_border_radius=&#8220;0px&#8220; button_use_icon=&#8220;off&#8220; button_custom_margin=&#8220;-22px||||false|false&#8220; transform_scale=&#8220;130%|130%&#8220; module_alignment=&#8220;left&#8220; custom_margin=&#8220;|||57px|false|false&#8220; global_colors_info=&#8220;{}&#8220;][\/et_pb_wc_add_to_cart][et_pb_wc_meta _builder_version=&#8220;4.17.0&#8243; global_colors_info=&#8220;{}&#8220;][\/et_pb_wc_meta][\/et_pb_column][\/et_pb_row][et_pb_row _builder_version=&#8220;4.17.0&#8243; _module_preset=&#8220;default&#8220; global_colors_info=&#8220;{}&#8220;][et_pb_column type=&#8220;4_4&#8243; _builder_version=&#8220;4.17.0&#8243; _module_preset=&#8220;default&#8220; global_colors_info=&#8220;{}&#8220;][et_pb_wc_related_products product=&#8220;latest&#8220; posts_number=&#8220;4&#8243; columns_number=&#8220;4&#8243; include_categories=&#8220;2782&#8243; icon_hover_color=&#8220;RGBA(255,255,255,0)&#8220; hover_overlay_color=&#8220;RGBA(255,255,255,0)&#8220; show_price=&#8220;off&#8220; show_rating=&#8220;off&#8220; show_sale_badge=&#8220;off&#8220; _builder_version=&#8220;4.17.6&#8243; _module_preset=&#8220;default&#8220; product_title_font=&#8220;brandon_neu||||||||&#8220; product_title_font_size=&#8220;25px&#8220; transform_scale_tablet=&#8220;&#8220; transform_scale_phone=&#8220;&#8220; transform_scale_last_edited=&#8220;on|phone&#8220; transform_translate_tablet=&#8220;&#8220; transform_translate_phone=&#8220;&#8220; transform_translate_last_edited=&#8220;on|phone&#8220; transform_rotate_tablet=&#8220;&#8220; transform_rotate_phone=&#8220;&#8220; transform_rotate_last_edited=&#8220;on|phone&#8220; transform_skew_tablet=&#8220;&#8220; transform_skew_phone=&#8220;&#8220; transform_skew_last_edited=&#8220;on|phone&#8220; transform_origin_tablet=&#8220;&#8220; transform_origin_phone=&#8220;&#8220; transform_origin_last_edited=&#8220;on|phone&#8220; transform_styles_last_edited=&#8220;on|phone&#8220; text_orientation=&#8220;center&#8220; product_title_font_size_tablet=&#8220;&#8220; product_title_font_size_phone=&#8220;20px&#8220; product_title_font_size_last_edited=&#8220;on|phone&#8220; transform_styles_tablet=&#8220;&#8220; transform_styles_phone=&#8220;&#8220; module_alignment_phone=&#8220;center&#8220; module_alignment_last_edited=&#8220;off|phone&#8220; global_colors_info=&#8220;{}&#8220; title_font_size__hover_enabled=&#8220;on|hover&#8220; title_font_size__hover=&#8220;29px&#8220; product_title_font_size__hover_enabled=&#8220;on|hover&#8220; product_title_font_size__hover=&#8220;29px&#8220;][\/et_pb_wc_related_products][\/et_pb_column][\/et_pb_row][\/et_pb_section]<\/p>\n","protected":false},"excerpt":{"rendered":"<ul>\n<li>Material: 95% Baumwolle, 5% Elasthan \u2013 weich, flexibel und bequem<\/li>\n<li>L\u00e4nge: 5,30 Meter, Breite: 58 cm \u2013 f\u00fcr verschiedene Tragepositionen<\/li>\n<li>Belastbar bis 15 kg \u2013 geeignet f\u00fcr Neugeborene und gr\u00f6\u00dfere Babys<\/li>\n<li>Waschbar bei 30\u00b0C \u2013 einfach zu pflegen<\/li>\n<\/ul>\n<div class='et-learn-more clearfix'>\n\t\t\t\t\t<h3 class='heading-more'>Learn more<span class='et_learnmore_arrow'><span><\/span><\/span><\/h3>\n\t\t\t\t\t<div class='learn-more-content'><p>Entdecke das\u00a0Tragetuch Sophie\u00a0\u2013 der perfekte Begleiter f\u00fcr dich und dein Baby. Hergestellt aus 95% Baumwolle und 5% Elasthan, bietet dieses Tragetuch die ideale Kombination aus Komfort und Flexibilit\u00e4t. Es passt sich optimal deinem K\u00f6rper an und sorgt daf\u00fcr, dass dein Baby sicher und geborgen getragen wird.<\/p>\n<p>Mit einer L\u00e4nge von 5,30 Metern und einer Breite von 58 cm ist das Tragetuch gro\u00dfz\u00fcgig geschnitten, um verschiedene Tragepositionen zu erm\u00f6glichen \u2013 ob vor dem Bauch, auf der H\u00fcfte oder auf dem R\u00fccken. Es ist bis zu 15 kg belastbar, sodass es sowohl f\u00fcr Neugeborene als auch f\u00fcr gr\u00f6\u00dfere Babys geeignet ist.<\/p>\n<p>Das Tragetuch ist bei 30\u00b0C waschbar, pflegeleicht und langlebig, sodass es dir lange Freude bereiten wird.<\/p><\/div>\n\t\t\t\t<\/div>","protected":false},"featured_media":7970,"template":"","meta":{"_et_pb_use_builder":"on","_et_pb_old_content":"","_et_gb_content_width":"","jetpack_publicize_message":"","jetpack_publicize_feature_enabled":true,"jetpack_social_post_already_shared":true,"jetpack_social_options":{"image_generator_settings":{"template":"highway","default_image_id":0,"font":"","enabled":false},"version":2}},"product_brand":[],"product_cat":[2782,2737],"product_tag":[],"class_list":{"0":"post-7967","1":"product","2":"type-product","3":"status-publish","4":"has-post-thumbnail","6":"product_cat-tregen","7":"product_cat-unterwegs","9":"first","10":"instock","11":"shipping-taxable","12":"purchasable","13":"product-type-variable"},"yoast_head":"<!-- This site is optimized with the Yoast SEO plugin v27.4 - https:\/\/yoast.com\/product\/yoast-seo-wordpress\/ -->\n<title>Tragetuch Sophie - Fillikid<\/title>\n<meta name=\"robots\" content=\"index, follow, max-snippet:-1, max-image-preview:large, max-video-preview:-1\" \/>\n<link rel=\"canonical\" href=\"https:\/\/fillikid.at\/en\/product\/tragetuch-sophie\/\" \/>\n<meta property=\"og:locale\" content=\"en_GB\" \/>\n<meta property=\"og:type\" content=\"article\" \/>\n<meta property=\"og:title\" content=\"Tragetuch Sophie - Fillikid\" \/>\n<meta property=\"og:description\" content=\"Material: 95% Baumwolle, 5% Elasthan \u2013 weich, flexibel und bequem  L\u00e4nge: 5,30 Meter, Breite: 58 cm \u2013 f\u00fcr verschiedene Tragepositionen  Belastbar bis 15 kg \u2013 geeignet f\u00fcr Neugeborene und gr\u00f6\u00dfere Babys  Waschbar bei 30\u00b0C \u2013 einfach zu pflegen\" \/>\n<meta property=\"og:url\" content=\"https:\/\/fillikid.at\/en\/product\/tragetuch-sophie\/\" \/>\n<meta property=\"og:site_name\" content=\"Fillikid\" \/>\n<meta property=\"article:modified_time\" content=\"2025-03-26T10:38:52+00:00\" \/>\n<meta property=\"og:image\" content=\"https:\/\/fillikid.at\/wp-content\/uploads\/2025\/03\/LI-W03-17-Tragetuch-Sophie-Hellgrau-Melange-01-400x400.jpg\" \/>\n\t<meta property=\"og:image:width\" content=\"400\" \/>\n\t<meta property=\"og:image:height\" content=\"400\" \/>\n\t<meta property=\"og:image:type\" content=\"image\/jpeg\" \/>\n<meta name=\"twitter:card\" content=\"summary_large_image\" \/>\n<meta name=\"twitter:label1\" content=\"Estimated reading time\" \/>\n\t<meta name=\"twitter:data1\" content=\"4 minutes\" \/>\n<script type=\"application\/ld+json\" class=\"yoast-schema-graph\">{\"@context\":\"https:\\\/\\\/schema.org\",\"@graph\":[{\"@type\":\"WebPage\",\"@id\":\"https:\\\/\\\/fillikid.at\\\/produkt\\\/tragetuch-sophie\\\/\",\"url\":\"https:\\\/\\\/fillikid.at\\\/produkt\\\/tragetuch-sophie\\\/\",\"name\":\"Tragetuch Sophie - Fillikid\",\"isPartOf\":{\"@id\":\"https:\\\/\\\/fillikid.at\\\/#website\"},\"primaryImageOfPage\":{\"@id\":\"https:\\\/\\\/fillikid.at\\\/produkt\\\/tragetuch-sophie\\\/#primaryimage\"},\"image\":{\"@id\":\"https:\\\/\\\/fillikid.at\\\/produkt\\\/tragetuch-sophie\\\/#primaryimage\"},\"thumbnailUrl\":\"https:\\\/\\\/i0.wp.com\\\/fillikid.at\\\/wp-content\\\/uploads\\\/2025\\\/03\\\/LI-W03-17-Tragetuch-Sophie-Hellgrau-Melange-01.jpg?fit=3543%2C3543&ssl=1\",\"datePublished\":\"2025-03-26T10:27:01+00:00\",\"dateModified\":\"2025-03-26T10:38:52+00:00\",\"breadcrumb\":{\"@id\":\"https:\\\/\\\/fillikid.at\\\/produkt\\\/tragetuch-sophie\\\/#breadcrumb\"},\"inLanguage\":\"en-GB\",\"potentialAction\":[{\"@type\":\"ReadAction\",\"target\":[\"https:\\\/\\\/fillikid.at\\\/produkt\\\/tragetuch-sophie\\\/\"]}]},{\"@type\":\"ImageObject\",\"inLanguage\":\"en-GB\",\"@id\":\"https:\\\/\\\/fillikid.at\\\/produkt\\\/tragetuch-sophie\\\/#primaryimage\",\"url\":\"https:\\\/\\\/i0.wp.com\\\/fillikid.at\\\/wp-content\\\/uploads\\\/2025\\\/03\\\/LI-W03-17-Tragetuch-Sophie-Hellgrau-Melange-01.jpg?fit=3543%2C3543&ssl=1\",\"contentUrl\":\"https:\\\/\\\/i0.wp.com\\\/fillikid.at\\\/wp-content\\\/uploads\\\/2025\\\/03\\\/LI-W03-17-Tragetuch-Sophie-Hellgrau-Melange-01.jpg?fit=3543%2C3543&ssl=1\",\"width\":3543,\"height\":3543},{\"@type\":\"BreadcrumbList\",\"@id\":\"https:\\\/\\\/fillikid.at\\\/produkt\\\/tragetuch-sophie\\\/#breadcrumb\",\"itemListElement\":[{\"@type\":\"ListItem\",\"position\":1,\"name\":\"Startseite\",\"item\":\"https:\\\/\\\/fillikid.at\\\/\"},{\"@type\":\"ListItem\",\"position\":2,\"name\":\"Produkte\",\"item\":\"https:\\\/\\\/fillikid.at\\\/produkte\\\/\"},{\"@type\":\"ListItem\",\"position\":3,\"name\":\"Tragetuch Sophie\"}]},{\"@type\":\"WebSite\",\"@id\":\"https:\\\/\\\/fillikid.at\\\/#website\",\"url\":\"https:\\\/\\\/fillikid.at\\\/\",\"name\":\"Fillikid\",\"description\":\"for little heroes\",\"publisher\":{\"@id\":\"https:\\\/\\\/fillikid.at\\\/#organization\"},\"potentialAction\":[{\"@type\":\"SearchAction\",\"target\":{\"@type\":\"EntryPoint\",\"urlTemplate\":\"https:\\\/\\\/fillikid.at\\\/?s={search_term_string}\"},\"query-input\":{\"@type\":\"PropertyValueSpecification\",\"valueRequired\":true,\"valueName\":\"search_term_string\"}}],\"inLanguage\":\"en-GB\"},{\"@type\":\"Organization\",\"@id\":\"https:\\\/\\\/fillikid.at\\\/#organization\",\"name\":\"Fillikid GmbH\",\"url\":\"https:\\\/\\\/fillikid.at\\\/\",\"logo\":{\"@type\":\"ImageObject\",\"inLanguage\":\"en-GB\",\"@id\":\"https:\\\/\\\/fillikid.at\\\/#\\\/schema\\\/logo\\\/image\\\/\",\"url\":\"https:\\\/\\\/i0.wp.com\\\/fillikid.at\\\/wp-content\\\/uploads\\\/2022\\\/04\\\/fillikid-domain-color-3748366538-1650364891531-1.png?fit=1280%2C442&ssl=1\",\"contentUrl\":\"https:\\\/\\\/i0.wp.com\\\/fillikid.at\\\/wp-content\\\/uploads\\\/2022\\\/04\\\/fillikid-domain-color-3748366538-1650364891531-1.png?fit=1280%2C442&ssl=1\",\"width\":1280,\"height\":442,\"caption\":\"Fillikid GmbH\"},\"image\":{\"@id\":\"https:\\\/\\\/fillikid.at\\\/#\\\/schema\\\/logo\\\/image\\\/\"}}]}<\/script>\n<!-- \/ Yoast SEO plugin. -->","yoast_head_json":{"title":"Tragetuch Sophie - Fillikid","robots":{"index":"index","follow":"follow","max-snippet":"max-snippet:-1","max-image-preview":"max-image-preview:large","max-video-preview":"max-video-preview:-1"},"canonical":"https:\/\/fillikid.at\/en\/product\/tragetuch-sophie\/","og_locale":"en_GB","og_type":"article","og_title":"Tragetuch Sophie - Fillikid","og_description":"Material: 95% Baumwolle, 5% Elasthan \u2013 weich, flexibel und bequem  L\u00e4nge: 5,30 Meter, Breite: 58 cm \u2013 f\u00fcr verschiedene Tragepositionen  Belastbar bis 15 kg \u2013 geeignet f\u00fcr Neugeborene und gr\u00f6\u00dfere Babys  Waschbar bei 30\u00b0C \u2013 einfach zu pflegen","og_url":"https:\/\/fillikid.at\/en\/product\/tragetuch-sophie\/","og_site_name":"Fillikid","article_modified_time":"2025-03-26T10:38:52+00:00","og_image":[{"width":400,"height":400,"url":"https:\/\/fillikid.at\/wp-content\/uploads\/2025\/03\/LI-W03-17-Tragetuch-Sophie-Hellgrau-Melange-01-400x400.jpg","type":"image\/jpeg"}],"twitter_card":"summary_large_image","twitter_misc":{"Estimated reading time":"4 minutes"},"schema":{"@context":"https:\/\/schema.org","@graph":[{"@type":"WebPage","@id":"https:\/\/fillikid.at\/produkt\/tragetuch-sophie\/","url":"https:\/\/fillikid.at\/produkt\/tragetuch-sophie\/","name":"Tragetuch Sophie - Fillikid","isPartOf":{"@id":"https:\/\/fillikid.at\/#website"},"primaryImageOfPage":{"@id":"https:\/\/fillikid.at\/produkt\/tragetuch-sophie\/#primaryimage"},"image":{"@id":"https:\/\/fillikid.at\/produkt\/tragetuch-sophie\/#primaryimage"},"thumbnailUrl":"https:\/\/i0.wp.com\/fillikid.at\/wp-content\/uploads\/2025\/03\/LI-W03-17-Tragetuch-Sophie-Hellgrau-Melange-01.jpg?fit=3543%2C3543&ssl=1","datePublished":"2025-03-26T10:27:01+00:00","dateModified":"2025-03-26T10:38:52+00:00","breadcrumb":{"@id":"https:\/\/fillikid.at\/produkt\/tragetuch-sophie\/#breadcrumb"},"inLanguage":"en-GB","potentialAction":[{"@type":"ReadAction","target":["https:\/\/fillikid.at\/produkt\/tragetuch-sophie\/"]}]},{"@type":"ImageObject","inLanguage":"en-GB","@id":"https:\/\/fillikid.at\/produkt\/tragetuch-sophie\/#primaryimage","url":"https:\/\/i0.wp.com\/fillikid.at\/wp-content\/uploads\/2025\/03\/LI-W03-17-Tragetuch-Sophie-Hellgrau-Melange-01.jpg?fit=3543%2C3543&ssl=1","contentUrl":"https:\/\/i0.wp.com\/fillikid.at\/wp-content\/uploads\/2025\/03\/LI-W03-17-Tragetuch-Sophie-Hellgrau-Melange-01.jpg?fit=3543%2C3543&ssl=1","width":3543,"height":3543},{"@type":"BreadcrumbList","@id":"https:\/\/fillikid.at\/produkt\/tragetuch-sophie\/#breadcrumb","itemListElement":[{"@type":"ListItem","position":1,"name":"Startseite","item":"https:\/\/fillikid.at\/"},{"@type":"ListItem","position":2,"name":"Produkte","item":"https:\/\/fillikid.at\/produkte\/"},{"@type":"ListItem","position":3,"name":"Tragetuch Sophie"}]},{"@type":"WebSite","@id":"https:\/\/fillikid.at\/#website","url":"https:\/\/fillikid.at\/","name":"Fillikid","description":"for little heroes","publisher":{"@id":"https:\/\/fillikid.at\/#organization"},"potentialAction":[{"@type":"SearchAction","target":{"@type":"EntryPoint","urlTemplate":"https:\/\/fillikid.at\/?s={search_term_string}"},"query-input":{"@type":"PropertyValueSpecification","valueRequired":true,"valueName":"search_term_string"}}],"inLanguage":"en-GB"},{"@type":"Organization","@id":"https:\/\/fillikid.at\/#organization","name":"Fillikid GmbH","url":"https:\/\/fillikid.at\/","logo":{"@type":"ImageObject","inLanguage":"en-GB","@id":"https:\/\/fillikid.at\/#\/schema\/logo\/image\/","url":"https:\/\/i0.wp.com\/fillikid.at\/wp-content\/uploads\/2022\/04\/fillikid-domain-color-3748366538-1650364891531-1.png?fit=1280%2C442&ssl=1","contentUrl":"https:\/\/i0.wp.com\/fillikid.at\/wp-content\/uploads\/2022\/04\/fillikid-domain-color-3748366538-1650364891531-1.png?fit=1280%2C442&ssl=1","width":1280,"height":442,"caption":"Fillikid GmbH"},"image":{"@id":"https:\/\/fillikid.at\/#\/schema\/logo\/image\/"}}]}},"jetpack_publicize_connections":[],"jetpack_likes_enabled":false,"jetpack_sharing_enabled":false,"_links":{"self":[{"href":"https:\/\/fillikid.at\/en\/wp-json\/wp\/v2\/product\/7967","targetHints":{"allow":["GET"]}}],"collection":[{"href":"https:\/\/fillikid.at\/en\/wp-json\/wp\/v2\/product"}],"about":[{"href":"https:\/\/fillikid.at\/en\/wp-json\/wp\/v2\/types\/product"}],"wp:featuredmedia":[{"embeddable":true,"href":"https:\/\/fillikid.at\/en\/wp-json\/wp\/v2\/media\/7970"}],"wp:attachment":[{"href":"https:\/\/fillikid.at\/en\/wp-json\/wp\/v2\/media?parent=7967"}],"wp:term":[{"taxonomy":"product_brand","embeddable":true,"href":"https:\/\/fillikid.at\/en\/wp-json\/wp\/v2\/product_brand?post=7967"},{"taxonomy":"product_cat","embeddable":true,"href":"https:\/\/fillikid.at\/en\/wp-json\/wp\/v2\/product_cat?post=7967"},{"taxonomy":"product_tag","embeddable":true,"href":"https:\/\/fillikid.at\/en\/wp-json\/wp\/v2\/product_tag?post=7967"}],"curies":[{"name":"wp","href":"https:\/\/api.w.org\/{rel}","templated":true}]}}