{"id":7850,"date":"2025-03-18T13:15:37","date_gmt":"2025-03-18T12:15:37","guid":{"rendered":"https:\/\/fillikid.at\/?post_type=product&#038;p=7850"},"modified":"2025-03-18T13:22:47","modified_gmt":"2025-03-18T12:22:47","slug":"autositz-emil","status":"publish","type":"product","link":"https:\/\/fillikid.at\/en\/product\/autositz-emil\/","title":{"rendered":"Autositz Emil"},"content":{"rendered":"<p>[et_pb_section fb_built=&#8220;1&#8243; _builder_version=&#8220;4.16&#8243; custom_padding=&#8220;0px||157px||false|false&#8220; global_colors_info=&#8220;{}&#8220;][et_pb_row _builder_version=&#8220;4.16&#8243; background_size=&#8220;initial&#8220; background_position=&#8220;top_left&#8220; background_repeat=&#8220;repeat&#8220; width=&#8220;100%&#8220; custom_padding=&#8220;0px||0px||false|false&#8220; global_colors_info=&#8220;{}&#8220;][et_pb_column type=&#8220;4_4&#8243; _builder_version=&#8220;4.16&#8243; custom_padding=&#8220;|||&#8220; global_colors_info=&#8220;{}&#8220; custom_padding__hover=&#8220;|||&#8220;][et_pb_wc_breadcrumb _builder_version=&#8220;4.16&#8243; global_colors_info=&#8220;{}&#8220;][\/et_pb_wc_breadcrumb][\/et_pb_column][\/et_pb_row][et_pb_row column_structure=&#8220;1_2,1_2&#8243; _builder_version=&#8220;4.16&#8243; background_size=&#8220;initial&#8220; background_position=&#8220;top_left&#8220; background_repeat=&#8220;repeat&#8220; width=&#8220;100%&#8220; custom_padding=&#8220;0px||||false|false&#8220; global_colors_info=&#8220;{}&#8220;][et_pb_column type=&#8220;1_2&#8243; _builder_version=&#8220;4.16&#8243; custom_padding=&#8220;|||&#8220; global_colors_info=&#8220;{}&#8220; custom_padding__hover=&#8220;|||&#8220;][et_pb_wc_images show_sale_badge=&#8220;off&#8220; _builder_version=&#8220;4.17.0&#8243; _module_preset=&#8220;default&#8220; transform_scale=&#8220;130%|130%&#8220; custom_margin=&#8220;64px|-120px|0px|110px|false|false&#8220; custom_padding=&#8220;|0px||0px|false|false&#8220; global_colors_info=&#8220;{}&#8220;][\/et_pb_wc_images][\/et_pb_column][et_pb_column type=&#8220;1_2&#8243; _builder_version=&#8220;4.16&#8243; custom_padding=&#8220;|||&#8220; global_colors_info=&#8220;{}&#8220; custom_padding__hover=&#8220;|||&#8220;][et_pb_wc_title _builder_version=&#8220;4.17.0&#8243; global_colors_info=&#8220;{}&#8220;][\/et_pb_wc_title][et_pb_wc_description _builder_version=&#8220;4.17.0&#8243; global_colors_info=&#8220;{}&#8220;][\/et_pb_wc_description][et_pb_wc_add_to_cart show_quantity=&#8220;off&#8220; show_stock=&#8220;off&#8220; admin_label=&#8220;Woo Product Add To Cart&#8220; _builder_version=&#8220;4.17.0&#8243; _module_preset=&#8220;default&#8220; fields_text_color=&#8220;#FFFFFF&#8220; fields_custom_margin=&#8220;0px||||false|false&#8220; dropdown_menus_background_color=&#8220;#FFFFFF&#8220; dropdown_menus_text_color=&#8220;#000000&#8243; dropdown_menus_focus_text_color=&#8220;#000000&#8243; dropdown_menus_custom_margin=&#8220;14px||||false|false&#8220; dropdown_menus_font=&#8220;||||||||&#8220; dropdown_menus_font_size=&#8220;15px&#8220; custom_button=&#8220;on&#8220; button_text_size=&#8220;0px&#8220; button_text_color=&#8220;RGBA(255,255,255,0)&#8220; button_bg_color=&#8220;RGBA(255,255,255,0)&#8220; button_border_width=&#8220;0px&#8220; button_use_icon=&#8220;off&#8220; transform_scale=&#8220;130%|130%&#8220; custom_margin=&#8220;60px|||58px|false|false&#8220; global_colors_info=&#8220;{}&#8220;][\/et_pb_wc_add_to_cart][et_pb_button button_url=&#8220;<a href=\"http:\/\/fillikid.at\/haendlersuche&#038;#8220\">http:\/\/fillikid.at\/haendlersuche&#038;#8220<\/a>; button_text=&#8220;H\u00e4ndler finden&#8220; _builder_version=&#8220;4.17.4&#8243; _module_preset=&#8220;default&#8220; custom_button=&#8220;on&#8220; button_text_color=&#8220;#ffffff&#8220; button_bg_color=&#8220;#a5d7d5&#8243; button_border_color=&#8220;#a5d7d5&#8243; global_colors_info=&#8220;{}&#8220;][\/et_pb_button][et_pb_wc_meta _builder_version=&#8220;4.17.0&#8243; global_colors_info=&#8220;{}&#8220;][\/et_pb_wc_meta][\/et_pb_column][\/et_pb_row][et_pb_row _builder_version=&#8220;4.17.0&#8243; _module_preset=&#8220;default&#8220; global_colors_info=&#8220;{}&#8220;][et_pb_column type=&#8220;4_4&#8243; _builder_version=&#8220;4.17.0&#8243; _module_preset=&#8220;default&#8220; global_colors_info=&#8220;{}&#8220;][et_pb_wc_related_products product=&#8220;latest&#8220; posts_number=&#8220;4&#8243; columns_number=&#8220;4&#8243; include_categories=&#8220;2785&#8243; icon_hover_color=&#8220;RGBA(255,255,255,0)&#8220; hover_overlay_color=&#8220;RGBA(255,255,255,0)&#8220; show_price=&#8220;off&#8220; show_rating=&#8220;off&#8220; show_sale_badge=&#8220;off&#8220; _builder_version=&#8220;4.17.0&#8243; _module_preset=&#8220;default&#8220; title_text_align=&#8220;center&#8220; product_title_text_align=&#8220;center&#8220; global_colors_info=&#8220;{}&#8220; product_title_font_size__hover_enabled=&#8220;on|hover&#8220; product_title_font_size__hover=&#8220;28px&#8220;][\/et_pb_wc_related_products][\/et_pb_column][\/et_pb_row][\/et_pb_section]<\/p>\n","protected":false},"excerpt":{"rendered":"<p><u>Produkteigenschaften:<\/u><\/p>\n<ul>\n<li>Sicherheitsstandard: Zertifiziert nach der R129-Norm f\u00fcr Kinder von 100 bis 150 cm<\/li>\n<li>Isofix-System: Verstellbares Isofix-Befestigungssystem f\u00fcr schnellen und sicheren Einbau<\/li>\n<li>Ergonomie: Komfortable und unterst\u00fctzende R\u00fcckenlehne<\/li>\n<li>Mitwachsend: Verstellbare Kopfst\u00fctze, die sich an die Gr\u00f6\u00dfe deines Kindes anpasst<\/li>\n<\/ul>\n<p>Der Autositz Emil \u2013 f\u00fcr Eltern, die Sicherheit, Komfort und vielseitige Nutzung sch\u00e4tzen.<\/p>\n<div class='et-learn-more clearfix'>\n\t\t\t\t\t<h3 class='heading-more'>Learn more<span class='et_learnmore_arrow'><span><\/span><\/span><\/h3>\n\t\t\t\t\t<div class='learn-more-content'><p><strong>Perfekt angepasst an dein Kind: Der Autositz Emil mit Isofix-Befestigung<\/strong><\/p>\n<p>Der Autositz Emil (BFL209) von Fillikid verbindet modernste Sicherheitstechnologie mit herausragendem Komfort. Ausgestattet mit einem verstellbaren Isofix-Befestigungssystem, l\u00e4sst sich der Emil schnell und m\u00fchelos in Fahrzeugen mit Isofix-Halterung installieren \u2013 f\u00fcr maximale Stabilit\u00e4t und ein beruhigendes Gef\u00fchl bei jeder Fahrt.<\/p>\n<p><strong>Ergonomischer Komfort f\u00fcr jedes Alter:<\/strong>\nDie komfortable und ergonomisch gestaltete R\u00fcckenlehne des Autositzes Emil sorgt daf\u00fcr, dass dein Kind auch auf l\u00e4ngeren Reisen bequem sitzt. Die weichen Polster und die sorgf\u00e4ltige Verarbeitung machen jede Autofahrt zu einem angenehmen Erlebnis.<\/p>\n<p><strong>Sicherheits- und Flexibilit\u00e4ts-Champion:<\/strong>\nZertifiziert nach der R129-Norm, bietet der Autositz Emil optimalen Schutz f\u00fcr Kinder von 100 bis 150 cm. Dank der mitwachsenden Kopfst\u00fctze und seiner vielseitigen Anpassungsm\u00f6glichkeiten ist er perfekt auf die Bed\u00fcrfnisse deines Kindes in jeder Entwicklungsphase abgestimmt.<\/p>\n<p><strong>Innovatives Isofix-System:<\/strong>\nDas verstellbare Isofix-Befestigungssystem des Emil macht den Einbau besonders einfach und sicher. Es sorgt f\u00fcr eine stabile Verbindung zwischen Sitz und Fahrzeug, minimiert Bewegungen und maximiert die Sicherheit deines Kindes.<\/p><\/div>\n\t\t\t\t<\/div>","protected":false},"featured_media":0,"template":"","meta":{"_et_pb_use_builder":"on","_et_pb_old_content":"","_et_gb_content_width":"","jetpack_publicize_message":"","jetpack_publicize_feature_enabled":true,"jetpack_social_post_already_shared":true,"jetpack_social_options":{"image_generator_settings":{"template":"highway","default_image_id":0,"font":"","enabled":false},"version":2}},"product_brand":[],"product_cat":[2785,2737],"product_tag":[],"class_list":{"0":"post-7850","1":"product","2":"type-product","3":"status-publish","5":"product_cat-auto-zubehoer","6":"product_cat-unterwegs","8":"first","9":"instock","10":"shipping-taxable","11":"purchasable","12":"product-type-variable"},"yoast_head":"<!-- This site is optimized with the Yoast SEO plugin v27.4 - https:\/\/yoast.com\/product\/yoast-seo-wordpress\/ -->\n<title>Autositz Emil - Fillikid<\/title>\n<meta name=\"robots\" content=\"index, follow, max-snippet:-1, max-image-preview:large, max-video-preview:-1\" \/>\n<link rel=\"canonical\" href=\"https:\/\/fillikid.at\/en\/product\/autositz-emil\/\" \/>\n<meta property=\"og:locale\" content=\"en_GB\" \/>\n<meta property=\"og:type\" content=\"article\" \/>\n<meta property=\"og:title\" content=\"Autositz Emil - Fillikid\" \/>\n<meta property=\"og:description\" content=\"Produkteigenschaften:   Sicherheitsstandard: Zertifiziert nach der R129-Norm f\u00fcr Kinder von 100 bis 150 cm  Isofix-System: Verstellbares Isofix-Befestigungssystem f\u00fcr schnellen und sicheren Einbau  Ergonomie: Komfortable und unterst\u00fctzende R\u00fcckenlehne  Mitwachsend: Verstellbare Kopfst\u00fctze, die sich an die Gr\u00f6\u00dfe deines Kindes anpasst  Der Autositz Emil \u2013 f\u00fcr Eltern, die Sicherheit, Komfort und vielseitige Nutzung sch\u00e4tzen.\" \/>\n<meta property=\"og:url\" content=\"https:\/\/fillikid.at\/en\/product\/autositz-emil\/\" \/>\n<meta property=\"og:site_name\" content=\"Fillikid\" \/>\n<meta property=\"article:modified_time\" content=\"2025-03-18T12:22:47+00:00\" \/>\n<meta name=\"twitter:card\" content=\"summary_large_image\" \/>\n<meta name=\"twitter:label1\" content=\"Estimated reading time\" \/>\n\t<meta name=\"twitter:data1\" content=\"6 minutes\" \/>\n<script type=\"application\/ld+json\" class=\"yoast-schema-graph\">{\"@context\":\"https:\\\/\\\/schema.org\",\"@graph\":[{\"@type\":\"WebPage\",\"@id\":\"https:\\\/\\\/fillikid.at\\\/produkt\\\/autositz-emil\\\/\",\"url\":\"https:\\\/\\\/fillikid.at\\\/produkt\\\/autositz-emil\\\/\",\"name\":\"Autositz Emil - Fillikid\",\"isPartOf\":{\"@id\":\"https:\\\/\\\/fillikid.at\\\/#website\"},\"datePublished\":\"2025-03-18T12:15:37+00:00\",\"dateModified\":\"2025-03-18T12:22:47+00:00\",\"breadcrumb\":{\"@id\":\"https:\\\/\\\/fillikid.at\\\/produkt\\\/autositz-emil\\\/#breadcrumb\"},\"inLanguage\":\"en-GB\",\"potentialAction\":[{\"@type\":\"ReadAction\",\"target\":[\"https:\\\/\\\/fillikid.at\\\/produkt\\\/autositz-emil\\\/\"]}]},{\"@type\":\"BreadcrumbList\",\"@id\":\"https:\\\/\\\/fillikid.at\\\/produkt\\\/autositz-emil\\\/#breadcrumb\",\"itemListElement\":[{\"@type\":\"ListItem\",\"position\":1,\"name\":\"Startseite\",\"item\":\"https:\\\/\\\/fillikid.at\\\/\"},{\"@type\":\"ListItem\",\"position\":2,\"name\":\"Produkte\",\"item\":\"https:\\\/\\\/fillikid.at\\\/produkte\\\/\"},{\"@type\":\"ListItem\",\"position\":3,\"name\":\"Autositz Emil\"}]},{\"@type\":\"WebSite\",\"@id\":\"https:\\\/\\\/fillikid.at\\\/#website\",\"url\":\"https:\\\/\\\/fillikid.at\\\/\",\"name\":\"Fillikid\",\"description\":\"for little heroes\",\"publisher\":{\"@id\":\"https:\\\/\\\/fillikid.at\\\/#organization\"},\"potentialAction\":[{\"@type\":\"SearchAction\",\"target\":{\"@type\":\"EntryPoint\",\"urlTemplate\":\"https:\\\/\\\/fillikid.at\\\/?s={search_term_string}\"},\"query-input\":{\"@type\":\"PropertyValueSpecification\",\"valueRequired\":true,\"valueName\":\"search_term_string\"}}],\"inLanguage\":\"en-GB\"},{\"@type\":\"Organization\",\"@id\":\"https:\\\/\\\/fillikid.at\\\/#organization\",\"name\":\"Fillikid GmbH\",\"url\":\"https:\\\/\\\/fillikid.at\\\/\",\"logo\":{\"@type\":\"ImageObject\",\"inLanguage\":\"en-GB\",\"@id\":\"https:\\\/\\\/fillikid.at\\\/#\\\/schema\\\/logo\\\/image\\\/\",\"url\":\"https:\\\/\\\/i0.wp.com\\\/fillikid.at\\\/wp-content\\\/uploads\\\/2022\\\/04\\\/fillikid-domain-color-3748366538-1650364891531-1.png?fit=1280%2C442&ssl=1\",\"contentUrl\":\"https:\\\/\\\/i0.wp.com\\\/fillikid.at\\\/wp-content\\\/uploads\\\/2022\\\/04\\\/fillikid-domain-color-3748366538-1650364891531-1.png?fit=1280%2C442&ssl=1\",\"width\":1280,\"height\":442,\"caption\":\"Fillikid GmbH\"},\"image\":{\"@id\":\"https:\\\/\\\/fillikid.at\\\/#\\\/schema\\\/logo\\\/image\\\/\"}}]}<\/script>\n<!-- \/ Yoast SEO plugin. -->","yoast_head_json":{"title":"Autositz Emil - Fillikid","robots":{"index":"index","follow":"follow","max-snippet":"max-snippet:-1","max-image-preview":"max-image-preview:large","max-video-preview":"max-video-preview:-1"},"canonical":"https:\/\/fillikid.at\/en\/product\/autositz-emil\/","og_locale":"en_GB","og_type":"article","og_title":"Autositz Emil - Fillikid","og_description":"Produkteigenschaften:   Sicherheitsstandard: Zertifiziert nach der R129-Norm f\u00fcr Kinder von 100 bis 150 cm  Isofix-System: Verstellbares Isofix-Befestigungssystem f\u00fcr schnellen und sicheren Einbau  Ergonomie: Komfortable und unterst\u00fctzende R\u00fcckenlehne  Mitwachsend: Verstellbare Kopfst\u00fctze, die sich an die Gr\u00f6\u00dfe deines Kindes anpasst  Der Autositz Emil \u2013 f\u00fcr Eltern, die Sicherheit, Komfort und vielseitige Nutzung sch\u00e4tzen.","og_url":"https:\/\/fillikid.at\/en\/product\/autositz-emil\/","og_site_name":"Fillikid","article_modified_time":"2025-03-18T12:22:47+00:00","twitter_card":"summary_large_image","twitter_misc":{"Estimated reading time":"6 minutes"},"schema":{"@context":"https:\/\/schema.org","@graph":[{"@type":"WebPage","@id":"https:\/\/fillikid.at\/produkt\/autositz-emil\/","url":"https:\/\/fillikid.at\/produkt\/autositz-emil\/","name":"Autositz Emil - Fillikid","isPartOf":{"@id":"https:\/\/fillikid.at\/#website"},"datePublished":"2025-03-18T12:15:37+00:00","dateModified":"2025-03-18T12:22:47+00:00","breadcrumb":{"@id":"https:\/\/fillikid.at\/produkt\/autositz-emil\/#breadcrumb"},"inLanguage":"en-GB","potentialAction":[{"@type":"ReadAction","target":["https:\/\/fillikid.at\/produkt\/autositz-emil\/"]}]},{"@type":"BreadcrumbList","@id":"https:\/\/fillikid.at\/produkt\/autositz-emil\/#breadcrumb","itemListElement":[{"@type":"ListItem","position":1,"name":"Startseite","item":"https:\/\/fillikid.at\/"},{"@type":"ListItem","position":2,"name":"Produkte","item":"https:\/\/fillikid.at\/produkte\/"},{"@type":"ListItem","position":3,"name":"Autositz Emil"}]},{"@type":"WebSite","@id":"https:\/\/fillikid.at\/#website","url":"https:\/\/fillikid.at\/","name":"Fillikid","description":"for little heroes","publisher":{"@id":"https:\/\/fillikid.at\/#organization"},"potentialAction":[{"@type":"SearchAction","target":{"@type":"EntryPoint","urlTemplate":"https:\/\/fillikid.at\/?s={search_term_string}"},"query-input":{"@type":"PropertyValueSpecification","valueRequired":true,"valueName":"search_term_string"}}],"inLanguage":"en-GB"},{"@type":"Organization","@id":"https:\/\/fillikid.at\/#organization","name":"Fillikid GmbH","url":"https:\/\/fillikid.at\/","logo":{"@type":"ImageObject","inLanguage":"en-GB","@id":"https:\/\/fillikid.at\/#\/schema\/logo\/image\/","url":"https:\/\/i0.wp.com\/fillikid.at\/wp-content\/uploads\/2022\/04\/fillikid-domain-color-3748366538-1650364891531-1.png?fit=1280%2C442&ssl=1","contentUrl":"https:\/\/i0.wp.com\/fillikid.at\/wp-content\/uploads\/2022\/04\/fillikid-domain-color-3748366538-1650364891531-1.png?fit=1280%2C442&ssl=1","width":1280,"height":442,"caption":"Fillikid GmbH"},"image":{"@id":"https:\/\/fillikid.at\/#\/schema\/logo\/image\/"}}]}},"jetpack_publicize_connections":[],"jetpack_likes_enabled":false,"jetpack_sharing_enabled":false,"_links":{"self":[{"href":"https:\/\/fillikid.at\/en\/wp-json\/wp\/v2\/product\/7850","targetHints":{"allow":["GET"]}}],"collection":[{"href":"https:\/\/fillikid.at\/en\/wp-json\/wp\/v2\/product"}],"about":[{"href":"https:\/\/fillikid.at\/en\/wp-json\/wp\/v2\/types\/product"}],"wp:attachment":[{"href":"https:\/\/fillikid.at\/en\/wp-json\/wp\/v2\/media?parent=7850"}],"wp:term":[{"taxonomy":"product_brand","embeddable":true,"href":"https:\/\/fillikid.at\/en\/wp-json\/wp\/v2\/product_brand?post=7850"},{"taxonomy":"product_cat","embeddable":true,"href":"https:\/\/fillikid.at\/en\/wp-json\/wp\/v2\/product_cat?post=7850"},{"taxonomy":"product_tag","embeddable":true,"href":"https:\/\/fillikid.at\/en\/wp-json\/wp\/v2\/product_tag?post=7850"}],"curies":[{"name":"wp","href":"https:\/\/api.w.org\/{rel}","templated":true}]}}