{"id":1347,"date":"2022-05-02T10:38:54","date_gmt":"2022-05-02T08:38:54","guid":{"rendered":"https:\/\/fillikid.at\/?post_type=product&#038;p=1347"},"modified":"2022-07-18T09:38:48","modified_gmt":"2022-07-18T07:38:48","slug":"flaschenhalter","status":"publish","type":"product","link":"https:\/\/fillikid.at\/en\/product\/flaschenhalter\/","title":{"rendered":"Bottle holder"},"content":{"rendered":"<p>[et_pb_section fb_built=&#8220;1&#8243; _builder_version=&#8220;4.16&#8243; custom_padding=&#8220;0px||122px||false|false&#8220; global_colors_info=&#8220;{}&#8220; global_module=&#8220;5279&#8243; theme_builder_area=&#8220;post_content&#8220;][et_pb_row _builder_version=&#8220;4.16&#8243; background_size=&#8220;initial&#8220; background_position=&#8220;top_left&#8220; background_repeat=&#8220;repeat&#8220; width=&#8220;100%&#8220; custom_padding=&#8220;0px||0px||false|false&#8220; global_colors_info=&#8220;{}&#8220; theme_builder_area=&#8220;post_content&#8220;][et_pb_column type=&#8220;4_4&#8243; _builder_version=&#8220;4.16&#8243; custom_padding=&#8220;|||&#8220; global_colors_info=&#8220;{}&#8220; custom_padding__hover=&#8220;|||&#8220; theme_builder_area=&#8220;post_content&#8220;][et_pb_wc_breadcrumb _builder_version=&#8220;4.16&#8243; global_colors_info=&#8220;{}&#8220; theme_builder_area=&#8220;post_content&#8220;][\/et_pb_wc_breadcrumb][\/et_pb_column][\/et_pb_row][et_pb_row column_structure=&#8220;1_2,1_2&#8243; _builder_version=&#8220;4.16&#8243; background_size=&#8220;initial&#8220; background_position=&#8220;top_left&#8220; background_repeat=&#8220;repeat&#8220; width=&#8220;100%&#8220; custom_padding=&#8220;0px||||false|false&#8220; global_colors_info=&#8220;{}&#8220; theme_builder_area=&#8220;post_content&#8220;][et_pb_column type=&#8220;1_2&#8243; _builder_version=&#8220;4.16&#8243; custom_padding=&#8220;|||&#8220; global_colors_info=&#8220;{}&#8220; custom_padding__hover=&#8220;|||&#8220; theme_builder_area=&#8220;post_content&#8220;][et_pb_wc_images show_sale_badge=&#8220;off&#8220; _builder_version=&#8220;4.17.6&#8243; _module_preset=&#8220;default&#8220; transform_scale=&#8220;130%|130%&#8220; transform_scale_tablet=&#8220;110%|110%&#8220; transform_scale_phone=&#8220;80%|80%&#8220; transform_scale_last_edited=&#8220;on|tablet&#8220; transform_translate_tablet=&#8220;130px|0px&#8220; transform_translate_phone=&#8220;0px|0px&#8220; transform_translate_last_edited=&#8220;on|phone&#8220; transform_translate_linked_tablet=&#8220;off&#8220; transform_rotate_tablet=&#8220;&#8220; transform_rotate_phone=&#8220;&#8220; transform_rotate_last_edited=&#8220;on|tablet&#8220; transform_skew_tablet=&#8220;&#8220; transform_skew_phone=&#8220;&#8220; transform_skew_last_edited=&#8220;on|tablet&#8220; transform_origin_tablet=&#8220;&#8220; transform_origin_phone=&#8220;&#8220; transform_origin_last_edited=&#8220;on|tablet&#8220; transform_styles_last_edited=&#8220;on|phone&#8220; custom_margin=&#8220;64px|-120px|0px|110px|false|false&#8220; custom_margin_tablet=&#8220;90px|0px|0px|0px|false|false&#8220; custom_margin_phone=&#8220;0px||||false|false&#8220; custom_margin_last_edited=&#8220;on|tablet&#8220; custom_padding=&#8220;|0px||0px|false|false&#8220; transform_styles_tablet=&#8220;&#8220; transform_styles_phone=&#8220;&#8220; global_colors_info=&#8220;{}&#8220; theme_builder_area=&#8220;post_content&#8220;][\/et_pb_wc_images][\/et_pb_column][et_pb_column type=&#8220;1_2&#8243; _builder_version=&#8220;4.16&#8243; custom_padding=&#8220;|||&#8220; global_colors_info=&#8220;{}&#8220; custom_padding__hover=&#8220;|||&#8220; theme_builder_area=&#8220;post_content&#8220;][et_pb_wc_title _builder_version=&#8220;4.17.4&#8243; header_font=&#8220;brandon_neu||||||||&#8220; header_text_align=&#8220;left&#8220; module_alignment=&#8220;left&#8220; global_colors_info=&#8220;{}&#8220; theme_builder_area=&#8220;post_content&#8220;][\/et_pb_wc_title][et_pb_wc_description _builder_version=&#8220;4.17.4&#8243; global_colors_info=&#8220;{}&#8220; custom_css_after__hover_enabled=&#8220;on|hover&#8220; custom_css_after__hover=&#8220;    opacity: 0;||    font-size: 21px;||    margin-top: 25px;||    text-align: center;||||    -webkit-transition: opacity 2s ease-in;||       -moz-transition: opacity 2s ease-in;||&#8220; theme_builder_area=&#8220;post_content&#8220;][\/et_pb_wc_description][et_pb_button button_url=&#8220;<a href=\"https:\/\/fillikid.at\/en\/haendlersuche\/&\/#038;#8220\">https:\/\/fillikid.at\/haendlersuche\/&#038;#8220<\/a>; button_text=&#8220;H\u00e4ndler finden&#8220; _builder_version=&#8220;4.17.4&#8243; _module_preset=&#8220;default&#8220; custom_button=&#8220;on&#8220; button_text_color=&#8220;#FFFFFF&#8220; button_bg_color=&#8220;#a5d7d5&#8243; button_border_color=&#8220;#a5d7d5&#8243; custom_margin=&#8220;-25px||||false|false&#8220; global_colors_info=&#8220;{}&#8220; theme_builder_area=&#8220;post_content&#8220;][\/et_pb_button][et_pb_wc_add_to_cart show_quantity=&#8220;off&#8220; show_stock=&#8220;off&#8220; field_label_position=&#8220;stacked&#8220; admin_label=&#8220;Woo Product Add To Cart&#8220; _builder_version=&#8220;4.17.6&#8243; _module_preset=&#8220;default&#8220; fields_text_color=&#8220;#FFFFFF&#8220; dropdown_menus_background_color=&#8220;#FFFFFF&#8220; dropdown_menus_text_color=&#8220;#000000&#8243; dropdown_menus_focus_text_color=&#8220;#000000&#8243; dropdown_menus_custom_margin=&#8220;14px||||false|false&#8220; field_label_font=&#8220;brandon_neu|700|||||||&#8220; field_label_text_align=&#8220;left&#8220; field_label_font_size=&#8220;16px&#8220; field_label_line_height=&#8220;1em&#8220; fields_text_align=&#8220;center&#8220; dropdown_menus_font=&#8220;||||||||&#8220; dropdown_menus_font_size=&#8220;15px&#8220; custom_button=&#8220;on&#8220; button_text_size=&#8220;0px&#8220; button_text_color=&#8220;RGBA(255,255,255,0)&#8220; button_bg_color=&#8220;RGBA(255,255,255,0)&#8220; button_border_width=&#8220;0px&#8220; button_border_radius=&#8220;0px&#8220; button_use_icon=&#8220;off&#8220; button_custom_margin=&#8220;-22px||||false|false&#8220; transform_scale=&#8220;130%|130%&#8220; module_alignment=&#8220;left&#8220; custom_margin=&#8220;|||57px|false|false&#8220; global_colors_info=&#8220;{}&#8220; theme_builder_area=&#8220;post_content&#8220;][\/et_pb_wc_add_to_cart][et_pb_wc_meta _builder_version=&#8220;4.17.0&#8243; global_colors_info=&#8220;{}&#8220; theme_builder_area=&#8220;post_content&#8220;][\/et_pb_wc_meta][\/et_pb_column][\/et_pb_row][et_pb_row _builder_version=&#8220;4.17.0&#8243; _module_preset=&#8220;default&#8220; global_colors_info=&#8220;{}&#8220; theme_builder_area=&#8220;post_content&#8220;][et_pb_column type=&#8220;4_4&#8243; _builder_version=&#8220;4.17.0&#8243; _module_preset=&#8220;default&#8220; global_colors_info=&#8220;{}&#8220; theme_builder_area=&#8220;post_content&#8220;][et_pb_wc_related_products include_categories=&#8220;2783&#8243; icon_hover_color=&#8220;RGBA(255,255,255,0)&#8220; hover_overlay_color=&#8220;RGBA(255,255,255,0)&#8220; show_price=&#8220;off&#8220; show_rating=&#8220;off&#8220; show_sale_badge=&#8220;off&#8220; _builder_version=&#8220;4.17.6&#8243; _module_preset=&#8220;default&#8220; product_title_font=&#8220;brandon_neu||||||||&#8220; product_title_font_size=&#8220;25px&#8220; transform_scale_tablet=&#8220;&#8220; transform_scale_phone=&#8220;&#8220; transform_scale_last_edited=&#8220;on|phone&#8220; transform_translate_tablet=&#8220;&#8220; transform_translate_phone=&#8220;&#8220; transform_translate_last_edited=&#8220;on|phone&#8220; transform_rotate_tablet=&#8220;&#8220; transform_rotate_phone=&#8220;&#8220; transform_rotate_last_edited=&#8220;on|phone&#8220; transform_skew_tablet=&#8220;&#8220; transform_skew_phone=&#8220;&#8220; transform_skew_last_edited=&#8220;on|phone&#8220; transform_origin_tablet=&#8220;&#8220; transform_origin_phone=&#8220;&#8220; transform_origin_last_edited=&#8220;on|phone&#8220; transform_styles_last_edited=&#8220;on|phone&#8220; text_orientation=&#8220;center&#8220; product_title_font_size_tablet=&#8220;&#8220; product_title_font_size_phone=&#8220;20px&#8220; product_title_font_size_last_edited=&#8220;on|phone&#8220; transform_styles_tablet=&#8220;&#8220; transform_styles_phone=&#8220;&#8220; module_alignment_phone=&#8220;center&#8220; module_alignment_last_edited=&#8220;off|phone&#8220; global_colors_info=&#8220;{}&#8220; title_font_size__hover_enabled=&#8220;on|hover&#8220; title_font_size__hover=&#8220;29px&#8220; product_title_font_size__hover_enabled=&#8220;on|hover&#8220; product_title_font_size__hover=&#8220;29px&#8220; theme_builder_area=&#8220;post_content&#8220;][\/et_pb_wc_related_products][\/et_pb_column][\/et_pb_row][\/et_pb_section]<\/p>","protected":false},"excerpt":{"rendered":"<p>The fillikid bottle holder with integrated bag holder fits perfectly on every pram and buggy thanks to its continuously adjustable drawstring. With its rubber protection on the inside, slipping is prevented and the bottle holder can be adjusted precisely.<\/p>\n<div class='et-learn-more clearfix'>\n\t\t\t\t\t<h3 class='heading-more'>Learn more<span class='et_learnmore_arrow'><span><\/span><\/span><\/h3>\n\t\t\t\t\t<div class='learn-more-content'>Der Zugmechanismus ist sehr einfach und intuitiv zu bedienen. Die Halterung f\u00fcr die Trinkflasche ist abnehmbar und in der Gr\u00f6\u00dfe variabel. Somit passt von der Babyflasche bis zur gro\u00dfen Erwachsenentrinkflasche oder zum Kaffeebecher alles super hinein. Au\u00dferdem verf\u00fcgt der Flaschenhalter \u00fcber einen speziellen Haken an dem eine Einkaufst\u00fcte oder eine Tasche angeh\u00e4ngt werden kann. Somit haben Sie mit diesem praktischen 2-in-1 Produkt den perfekten universal passenden Begleiter f\u00fcr Ihre Touren.<\/div>\n\t\t\t\t<\/div>","protected":false},"featured_media":5112,"template":"","meta":{"_et_pb_use_builder":"on","_et_pb_old_content":"","_et_gb_content_width":"","jetpack_post_was_ever_published":false,"jetpack_publicize_message":"","jetpack_publicize_feature_enabled":true,"jetpack_social_post_already_shared":true,"jetpack_social_options":{"image_generator_settings":{"template":"highway","default_image_id":0,"font":"","enabled":false},"version":2}},"product_brand":[],"product_cat":[2737,2783],"product_tag":[],"class_list":{"0":"post-1347","1":"product","2":"type-product","3":"status-publish","4":"has-post-thumbnail","6":"product_cat-unterwegs","7":"product_cat-buggy-zubehoer","9":"first","10":"instock","11":"virtual","12":"product-type-simple"},"yoast_head":"<!-- This site is optimized with the Yoast SEO plugin v26.7 - https:\/\/yoast.com\/wordpress\/plugins\/seo\/ -->\n<title>Flaschenhalter - Fillikid<\/title>\n<meta name=\"robots\" content=\"index, follow, max-snippet:-1, max-image-preview:large, max-video-preview:-1\" \/>\n<link rel=\"canonical\" href=\"https:\/\/fillikid.at\/en\/product\/flaschenhalter\/\" \/>\n<meta property=\"og:locale\" content=\"en_GB\" \/>\n<meta property=\"og:type\" content=\"article\" \/>\n<meta property=\"og:title\" content=\"Flaschenhalter - Fillikid\" \/>\n<meta property=\"og:description\" content=\"Der fillikid Flaschenhalter mit integriertem Taschenhalter passt durch sein stufenlos verstellbares Zugband perfekt auf jeden Kinderwagen und Buggy. Mit seinem Gummischutz an der Innenseite wird ein Verrutschen verhindert und der Flaschenhalter l\u00e4sst sich pr\u00e4zise einstellen.\" \/>\n<meta property=\"og:url\" content=\"https:\/\/fillikid.at\/en\/product\/flaschenhalter\/\" \/>\n<meta property=\"og:site_name\" content=\"Fillikid\" \/>\n<meta property=\"article:modified_time\" content=\"2022-07-18T07:38:48+00:00\" \/>\n<meta property=\"og:image\" content=\"https:\/\/fillikid.at\/wp-content\/uploads\/2022\/05\/8.png\" \/>\n\t<meta property=\"og:image:width\" content=\"3543\" \/>\n\t<meta property=\"og:image:height\" content=\"2362\" \/>\n\t<meta property=\"og:image:type\" content=\"image\/png\" \/>\n<meta name=\"twitter:card\" content=\"summary_large_image\" \/>\n<meta name=\"twitter:label1\" content=\"Estimated reading time\" \/>\n\t<meta name=\"twitter:data1\" content=\"1 minute\" \/>\n<script type=\"application\/ld+json\" class=\"yoast-schema-graph\">{\"@context\":\"https:\/\/schema.org\",\"@graph\":[{\"@type\":\"WebPage\",\"@id\":\"https:\/\/fillikid.at\/produkt\/flaschenhalter\/\",\"url\":\"https:\/\/fillikid.at\/produkt\/flaschenhalter\/\",\"name\":\"Flaschenhalter - Fillikid\",\"isPartOf\":{\"@id\":\"https:\/\/fillikid.at\/#website\"},\"primaryImageOfPage\":{\"@id\":\"https:\/\/fillikid.at\/produkt\/flaschenhalter\/#primaryimage\"},\"image\":{\"@id\":\"https:\/\/fillikid.at\/produkt\/flaschenhalter\/#primaryimage\"},\"thumbnailUrl\":\"https:\/\/i0.wp.com\/fillikid.at\/wp-content\/uploads\/2022\/05\/8.png?fit=3543%2C2362&ssl=1\",\"datePublished\":\"2022-05-02T08:38:54+00:00\",\"dateModified\":\"2022-07-18T07:38:48+00:00\",\"breadcrumb\":{\"@id\":\"https:\/\/fillikid.at\/produkt\/flaschenhalter\/#breadcrumb\"},\"inLanguage\":\"en-GB\",\"potentialAction\":[{\"@type\":\"ReadAction\",\"target\":[\"https:\/\/fillikid.at\/produkt\/flaschenhalter\/\"]}]},{\"@type\":\"ImageObject\",\"inLanguage\":\"en-GB\",\"@id\":\"https:\/\/fillikid.at\/produkt\/flaschenhalter\/#primaryimage\",\"url\":\"https:\/\/i0.wp.com\/fillikid.at\/wp-content\/uploads\/2022\/05\/8.png?fit=3543%2C2362&ssl=1\",\"contentUrl\":\"https:\/\/i0.wp.com\/fillikid.at\/wp-content\/uploads\/2022\/05\/8.png?fit=3543%2C2362&ssl=1\",\"width\":3543,\"height\":2362},{\"@type\":\"BreadcrumbList\",\"@id\":\"https:\/\/fillikid.at\/produkt\/flaschenhalter\/#breadcrumb\",\"itemListElement\":[{\"@type\":\"ListItem\",\"position\":1,\"name\":\"Startseite\",\"item\":\"https:\/\/fillikid.at\/\"},{\"@type\":\"ListItem\",\"position\":2,\"name\":\"Produkte\",\"item\":\"https:\/\/fillikid.at\/produkte\/\"},{\"@type\":\"ListItem\",\"position\":3,\"name\":\"Flaschenhalter\"}]},{\"@type\":\"WebSite\",\"@id\":\"https:\/\/fillikid.at\/#website\",\"url\":\"https:\/\/fillikid.at\/\",\"name\":\"Fillikid\",\"description\":\"for little heroes\",\"publisher\":{\"@id\":\"https:\/\/fillikid.at\/#organization\"},\"potentialAction\":[{\"@type\":\"SearchAction\",\"target\":{\"@type\":\"EntryPoint\",\"urlTemplate\":\"https:\/\/fillikid.at\/?s={search_term_string}\"},\"query-input\":{\"@type\":\"PropertyValueSpecification\",\"valueRequired\":true,\"valueName\":\"search_term_string\"}}],\"inLanguage\":\"en-GB\"},{\"@type\":\"Organization\",\"@id\":\"https:\/\/fillikid.at\/#organization\",\"name\":\"Fillikid GmbH\",\"url\":\"https:\/\/fillikid.at\/\",\"logo\":{\"@type\":\"ImageObject\",\"inLanguage\":\"en-GB\",\"@id\":\"https:\/\/fillikid.at\/#\/schema\/logo\/image\/\",\"url\":\"https:\/\/i0.wp.com\/fillikid.at\/wp-content\/uploads\/2022\/04\/fillikid-domain-color-3748366538-1650364891531-1.png?fit=1280%2C442&ssl=1\",\"contentUrl\":\"https:\/\/i0.wp.com\/fillikid.at\/wp-content\/uploads\/2022\/04\/fillikid-domain-color-3748366538-1650364891531-1.png?fit=1280%2C442&ssl=1\",\"width\":1280,\"height\":442,\"caption\":\"Fillikid GmbH\"},\"image\":{\"@id\":\"https:\/\/fillikid.at\/#\/schema\/logo\/image\/\"}}]}<\/script>\n<!-- \/ Yoast SEO plugin. -->","yoast_head_json":{"title":"Flaschenhalter - Fillikid","robots":{"index":"index","follow":"follow","max-snippet":"max-snippet:-1","max-image-preview":"max-image-preview:large","max-video-preview":"max-video-preview:-1"},"canonical":"https:\/\/fillikid.at\/en\/product\/flaschenhalter\/","og_locale":"en_GB","og_type":"article","og_title":"Flaschenhalter - Fillikid","og_description":"Der fillikid Flaschenhalter mit integriertem Taschenhalter passt durch sein stufenlos verstellbares Zugband perfekt auf jeden Kinderwagen und Buggy. Mit seinem Gummischutz an der Innenseite wird ein Verrutschen verhindert und der Flaschenhalter l\u00e4sst sich pr\u00e4zise einstellen.","og_url":"https:\/\/fillikid.at\/en\/product\/flaschenhalter\/","og_site_name":"Fillikid","article_modified_time":"2022-07-18T07:38:48+00:00","og_image":[{"width":3543,"height":2362,"url":"https:\/\/fillikid.at\/wp-content\/uploads\/2022\/05\/8.png","type":"image\/png"}],"twitter_card":"summary_large_image","twitter_misc":{"Estimated reading time":"1 minute"},"schema":{"@context":"https:\/\/schema.org","@graph":[{"@type":"WebPage","@id":"https:\/\/fillikid.at\/produkt\/flaschenhalter\/","url":"https:\/\/fillikid.at\/produkt\/flaschenhalter\/","name":"Flaschenhalter - Fillikid","isPartOf":{"@id":"https:\/\/fillikid.at\/#website"},"primaryImageOfPage":{"@id":"https:\/\/fillikid.at\/produkt\/flaschenhalter\/#primaryimage"},"image":{"@id":"https:\/\/fillikid.at\/produkt\/flaschenhalter\/#primaryimage"},"thumbnailUrl":"https:\/\/i0.wp.com\/fillikid.at\/wp-content\/uploads\/2022\/05\/8.png?fit=3543%2C2362&ssl=1","datePublished":"2022-05-02T08:38:54+00:00","dateModified":"2022-07-18T07:38:48+00:00","breadcrumb":{"@id":"https:\/\/fillikid.at\/produkt\/flaschenhalter\/#breadcrumb"},"inLanguage":"en-GB","potentialAction":[{"@type":"ReadAction","target":["https:\/\/fillikid.at\/produkt\/flaschenhalter\/"]}]},{"@type":"ImageObject","inLanguage":"en-GB","@id":"https:\/\/fillikid.at\/produkt\/flaschenhalter\/#primaryimage","url":"https:\/\/i0.wp.com\/fillikid.at\/wp-content\/uploads\/2022\/05\/8.png?fit=3543%2C2362&ssl=1","contentUrl":"https:\/\/i0.wp.com\/fillikid.at\/wp-content\/uploads\/2022\/05\/8.png?fit=3543%2C2362&ssl=1","width":3543,"height":2362},{"@type":"BreadcrumbList","@id":"https:\/\/fillikid.at\/produkt\/flaschenhalter\/#breadcrumb","itemListElement":[{"@type":"ListItem","position":1,"name":"Startseite","item":"https:\/\/fillikid.at\/"},{"@type":"ListItem","position":2,"name":"Produkte","item":"https:\/\/fillikid.at\/produkte\/"},{"@type":"ListItem","position":3,"name":"Flaschenhalter"}]},{"@type":"WebSite","@id":"https:\/\/fillikid.at\/#website","url":"https:\/\/fillikid.at\/","name":"Fillikid","description":"for little heroes","publisher":{"@id":"https:\/\/fillikid.at\/#organization"},"potentialAction":[{"@type":"SearchAction","target":{"@type":"EntryPoint","urlTemplate":"https:\/\/fillikid.at\/?s={search_term_string}"},"query-input":{"@type":"PropertyValueSpecification","valueRequired":true,"valueName":"search_term_string"}}],"inLanguage":"en-GB"},{"@type":"Organization","@id":"https:\/\/fillikid.at\/#organization","name":"Fillikid GmbH","url":"https:\/\/fillikid.at\/","logo":{"@type":"ImageObject","inLanguage":"en-GB","@id":"https:\/\/fillikid.at\/#\/schema\/logo\/image\/","url":"https:\/\/i0.wp.com\/fillikid.at\/wp-content\/uploads\/2022\/04\/fillikid-domain-color-3748366538-1650364891531-1.png?fit=1280%2C442&ssl=1","contentUrl":"https:\/\/i0.wp.com\/fillikid.at\/wp-content\/uploads\/2022\/04\/fillikid-domain-color-3748366538-1650364891531-1.png?fit=1280%2C442&ssl=1","width":1280,"height":442,"caption":"Fillikid GmbH"},"image":{"@id":"https:\/\/fillikid.at\/#\/schema\/logo\/image\/"}}]}},"jetpack_publicize_connections":[],"jetpack_likes_enabled":false,"jetpack_sharing_enabled":false,"_links":{"self":[{"href":"https:\/\/fillikid.at\/en\/wp-json\/wp\/v2\/product\/1347","targetHints":{"allow":["GET"]}}],"collection":[{"href":"https:\/\/fillikid.at\/en\/wp-json\/wp\/v2\/product"}],"about":[{"href":"https:\/\/fillikid.at\/en\/wp-json\/wp\/v2\/types\/product"}],"wp:featuredmedia":[{"embeddable":true,"href":"https:\/\/fillikid.at\/en\/wp-json\/wp\/v2\/media\/5112"}],"wp:attachment":[{"href":"https:\/\/fillikid.at\/en\/wp-json\/wp\/v2\/media?parent=1347"}],"wp:term":[{"taxonomy":"product_brand","embeddable":true,"href":"https:\/\/fillikid.at\/en\/wp-json\/wp\/v2\/product_brand?post=1347"},{"taxonomy":"product_cat","embeddable":true,"href":"https:\/\/fillikid.at\/en\/wp-json\/wp\/v2\/product_cat?post=1347"},{"taxonomy":"product_tag","embeddable":true,"href":"https:\/\/fillikid.at\/en\/wp-json\/wp\/v2\/product_tag?post=1347"}],"curies":[{"name":"wp","href":"https:\/\/api.w.org\/{rel}","templated":true}]}}